{"id":645,"date":"2025-03-07T08:55:07","date_gmt":"2025-03-07T08:55:07","guid":{"rendered":"https:\/\/cetusglobal.com\/?page_id=645"},"modified":"2025-03-07T08:55:08","modified_gmt":"2025-03-07T08:55:08","slug":"politica-de-cookies","status":"publish","type":"page","link":"https:\/\/cetusglobal.com\/index.php\/politica-de-cookies\/","title":{"rendered":"Pol\u00edtica de Cookies"},"content":{"rendered":"\n[et_pb_section][et_pb_row][et_pb_column type=\u00bb4_4&#8243;][et_pb_text]<!-- divi:columns -->\n<div class=\"wp-block-columns\"><!-- divi:column {\"width\":\"100%\"} -->\n<div class=\"wp-block-column\" style=\"flex-basis:100%\"><!-- divi:quote -->\n<blockquote class=\"wp-block-quote\"><!-- divi:heading -->\n<h2 class=\"wp-block-heading\">Pol\u00edtica de Cookies<\/h2>\n<!-- \/divi:heading -->\n\n<!-- divi:paragraph -->\n<p>Esta p\u00e1gina web utiliza cookies que son peque\u00f1os archivos que guardan tus preferencias de navegaci\u00f3n, idioma preferido o el carrito de la compra, de manera que en sucesivas visitas tus preferencias se aplican de forma m\u00e1s sencilla e inmediata.<\/p>\n<!-- \/divi:paragraph -->\n\n<!-- divi:paragraph -->\n<p>Utilizamos cookies propias y de terceros, para realizar el an\u00e1lisis de la navegaci\u00f3n de los usuarios.<\/p>\n<!-- \/divi:paragraph -->\n\n<!-- divi:paragraph -->\n<p>Si contin\u00faas navegando, consideramos que aceptas su uso.<\/p>\n<!-- \/divi:paragraph -->\n\n<!-- divi:paragraph -->\n<p>Si quieres saber c\u00f3mo configurar las cookies en tu navegador, puedes obtener la informaci\u00f3n en los siguientes enlaces:<\/p>\n<!-- \/divi:paragraph -->\n\n<!-- divi:paragraph -->\n<p>&nbsp;<a href=\"https:\/\/support.google.com\/chrome\/answer\/95647?hl=es\" target=\"_blank\" rel=\"noreferrer noopener\">Chrome<\/a><\/p>\n<!-- \/divi:paragraph -->\n\n<!-- divi:paragraph -->\n<p>&nbsp;<a href=\"https:\/\/support.mozilla.org\/es\/kb\/habilitar-y-deshabilitar-cookies-que-los-sitios-we\" target=\"_blank\" rel=\"noreferrer noopener\">Firefox<\/a><\/p>\n<!-- \/divi:paragraph -->\n\n<!-- divi:paragraph -->\n<p>&nbsp;<a href=\"https:\/\/support.apple.com\/kb\/ph5042?locale=es_ES\" target=\"_blank\" rel=\"noreferrer noopener\">Safari<\/a><\/p>\n<!-- \/divi:paragraph -->\n\n<!-- divi:paragraph -->\n<p>&nbsp;<a href=\"http:\/\/windows.microsoft.com\/es-es\/windows7\/how-to-manage-cookies-in-internet-explorer-9\" target=\"_blank\" rel=\"noreferrer noopener\">Explorer<\/a><\/p>\n<!-- \/divi:paragraph -->\n\n<!-- divi:paragraph -->\n<p>&nbsp;<a href=\"https:\/\/blogs.opera.com\/news\/2015\/08\/how-to-manage-cookies-in-opera\/\" target=\"_blank\" rel=\"noreferrer noopener\">Opera<\/a><\/p>\n<!-- \/divi:paragraph -->\n\n<!-- divi:paragraph -->\n<p>Este sitio web utiliza cookies para mejorar la experiencia de uso del visitante y para realizar tareas de an\u00e1lisis. Al aceptar entendemos que das tu consentimiento a nuestra pol\u00edtica de cookies.<\/p>\n<!-- \/divi:paragraph -->\n\n<!-- divi:paragraph -->\n<p><\/p>\n<!-- \/divi:paragraph --><\/blockquote>\n<!-- \/divi:quote --><\/div>\n<!-- \/divi:column --><\/div>\n<!-- \/divi:columns -->\n\n<!-- divi:paragraph -->\n<p><\/p>\n<!-- \/divi:paragraph -->\n\n<!-- divi:quote -->\n<blockquote class=\"wp-block-quote\"><!-- divi:heading -->\n<h2 class=\"wp-block-heading\">Cookies y privacidad<\/h2>\n<!-- \/divi:heading -->\n\n<!-- divi:paragraph -->\n<p>Para la utilizaci\u00f3n de nuestro sitio web es necesario la utilizaci\u00f3n de cookies. Las cookies se utilizan con la finalidad de facilitar la navegaci\u00f3n a los usuarios. Ning\u00fan dato de car\u00e1cter personal del usuario se almacenar\u00e1. Si usted lo desea puede configurar su navegador para ser avisado en pantalla de la recepci\u00f3n de cookies y para impedir la instalaci\u00f3n de cookies en su disco duro. Por favor, consulte las instrucciones y manuales de su navegador para ampliar esta informaci\u00f3n.<\/p>\n<!-- \/divi:paragraph -->\n\n<!-- divi:paragraph -->\n<p><\/p>\n<!-- \/divi:paragraph --><\/blockquote>\n<!-- \/divi:quote -->\n\n<!-- divi:paragraph -->\n<p><\/p>\n<!-- \/divi:paragraph -->\n\n<!-- divi:quote -->\n<blockquote class=\"wp-block-quote\"><!-- divi:paragraph -->\n<p><\/p>\n<!-- \/divi:paragraph -->\n\n<!-- divi:heading -->\n<h2 class=\"wp-block-heading\">Condiciones del servicio Google Analytics<\/h2>\n<!-- \/divi:heading -->\n\n<!-- divi:paragraph -->\n<p>Esta p\u00e1gina web utiliza Google Analytics, un servicio anal\u00edtico de web prestado por Google, Inc., una compa\u00f1\u00eda de Delaware cuya oficina principal est\u00e1 en 1600 Amphitheatre Parkway, Mountain View (California), CA 94043, Estados Unidos (\u2018Google\u2019). Google Analytics utiliza \u2018cookies\u2019, que son archivos de texto ubicados en su ordenador, para ayudar al sitio web a analizar el uso que hacen los usuarios del sitio web. La informaci\u00f3n que genera la cookie acerca de su uso del sitio web (incluyendo su direcci\u00f3n IP) ser\u00e1 directamente transmitida y archivada por Google en los servidores de Estados Unidos. Google usar\u00e1 esta informaci\u00f3n por cuenta nuestra con el prop\u00f3sito de seguir la pista de su uso del sitio web, recopilando informes de la actividad del sitio web y prestando otros servicios relacionados con la actividad del sitio web y el uso de Internet. Google podr\u00e1 transmitir dicha informaci\u00f3n a terceros cuando as\u00ed se lo requiera la legislaci\u00f3n, o cuando dichos terceros procesen la informaci\u00f3n por cuenta de Google. Google no asociar\u00e1 su direcci\u00f3n IP con ning\u00fan otro dato del que disponga Google. Puede Usted rechazar el tratamiento de los datos o la informaci\u00f3n rechazando el uso de cookies mediante la selecci\u00f3n de la configuraci\u00f3n apropiada de su navegador, sin embargo, debe Usted saber que si lo hace puede ser que no pueda usar la plena funcionabilidad de esta p\u00e1gina web. Al utilizar este sitio web Usted consiente el tratamiento de informaci\u00f3n acerca de Usted por Google en la forma y para los fines arriba indicados.<\/p>\n<!-- \/divi:paragraph -->\n\n<!-- divi:paragraph -->\n<p><a href=\"https:\/\/www.google.es\/intl\/es_ALL\/analytics\/learn\/privacy.html\">https:\/\/www.google.es\/intl\/es_ALL\/analytics\/learn\/privacy.html<\/a><\/p>\n<!-- \/divi:paragraph --><\/blockquote>\n<!-- \/divi:quote -->\n\n<!-- divi:paragraph -->\n<p><\/p>\n<!-- \/divi:paragraph -->\n\n<!-- divi:quote -->\n<blockquote class=\"wp-block-quote\"><!-- divi:paragraph -->\n<p><\/p>\n<!-- \/divi:paragraph -->\n\n<!-- divi:heading -->\n<h2 class=\"wp-block-heading\">Reglas de uso de la p\u00e1gina web<\/h2>\n<!-- \/divi:heading -->\n\n<!-- divi:paragraph -->\n<p>El usuario se obliga a hacer un uso correcto de la p\u00e1gina web de conformidad con la Ley y con las presentes condiciones. El usuario responder\u00e1 frente al titular de este sitio web y frente a terceros por cualquier da\u00f1o y perjuicio que pudiera causar el incumplimiento de esta obligaci\u00f3n.<\/p>\n<!-- \/divi:paragraph -->\n\n<!-- divi:paragraph -->\n<p>El acceso a esta p\u00e1gina web tiene car\u00e1cter gratuito. Sus contenidos tienen un valor meramente informativo y su \u00fanica finalidad es mostrar a los clientes y usuarios de la web informaci\u00f3n corporativa de GALOP\u00cdN y de sus productos y servicios.<\/p>\n<!-- \/divi:paragraph -->\n\n<!-- divi:paragraph -->\n<p><\/p>\n<!-- \/divi:paragraph -->\n\n<!-- divi:paragraph -->\n<p><\/p>\n<!-- \/divi:paragraph --><\/blockquote>\n<!-- \/divi:quote -->\n\n<!-- divi:paragraph -->\n<p><\/p>\n<!-- \/divi:paragraph -->\n\n<!-- divi:quote -->\n<blockquote class=\"wp-block-quote\"><!-- divi:heading -->\n<h2 class=\"wp-block-heading\">Exclusi\u00f3n de responsabilidad<\/h2>\n<!-- \/divi:heading -->\n\n<!-- divi:paragraph -->\n<p>&nbsp;Por la calidad de la informaci\u00f3n: el acceso al Sitio web no implica obligaci\u00f3n por parte de GALOP\u00cdN de comprobar la veracidad, exactitud y actualidad de la informaci\u00f3n suministrada.<\/p>\n<!-- \/divi:paragraph -->\n\n<!-- divi:paragraph -->\n<p>&nbsp;Por la calidad del servicio: el acceso al Sitio web no implica obligaci\u00f3n por parte de GALOP\u00cdN de controlar la ausencia de virus y\/o cualquier componente da\u00f1ino en el sitio web o servidor que lo suministra. En todo caso, corresponde al usuario la disponibilidad de herramientas t\u00e9cnicas de seguridad adecuadas para la detecci\u00f3n y desinfecci\u00f3n de programas inform\u00e1ticos da\u00f1inos.<\/p>\n<!-- \/divi:paragraph -->\n\n<!-- divi:paragraph -->\n<p>&nbsp;Por la disponibilidad del servicio: GALOP\u00cdN no garantiza ni se hace responsable de la continuidad de los contenidos del sitio web. Por consiguiente, los servicios suministrados a trav\u00e9s de este Sitio web pueden ser suspendidos o cancelados en cualquier momento por el titular del mismo, no haci\u00e9ndose responsable de los da\u00f1os causados a terceros.<\/p>\n<!-- \/divi:paragraph -->\n\n<!-- divi:paragraph -->\n<p><\/p>\n<!-- \/divi:paragraph -->\n\n<!-- divi:paragraph -->\n<p><\/p>\n<!-- \/divi:paragraph --><\/blockquote>\n<!-- \/divi:quote -->\n\n<!-- divi:paragraph -->\n<p><\/p>\n<!-- \/divi:paragraph -->\n\n<!-- divi:quote -->\n<blockquote class=\"wp-block-quote\"><!-- divi:heading -->\n<h2 class=\"wp-block-heading\">Legislaci\u00f3n aplicable<\/h2>\n<!-- \/divi:heading -->\n\n<!-- divi:paragraph -->\n<p>Las relaciones establecidas entre el Usuario y el titular del sitio web, se regir\u00e1n conforme a lo dispuesto en la legislaci\u00f3n espa\u00f1ola aplicable vigente y se someter\u00e1n a la jurisdicci\u00f3n de los Juzgados y Tribunales de A Coru\u00f1a.<\/p>\n<!-- \/divi:paragraph -->\n\n<!-- divi:paragraph -->\n<p>En Cerceda, a 07 de marzo de 2025<\/p>\n<!-- \/divi:paragraph --><\/blockquote>\n<!-- \/divi:quote -->[\/et_pb_text][\/et_pb_column][\/et_pb_row][\/et_pb_section]\n","protected":false},"excerpt":{"rendered":"<p><div class=\"et_pb_section et_pb_section_0 et_section_regular\" >\n\t\t\t\t\n\t\t\t\t\n\t\t\t\t\n\t\t\t\t\n\t\t\t\t\n\t\t\t\t\n\t\t\t\t\n\t\t\t\t\n\t\t\t\t\n\t\t\t<\/div><div class=\"et_pb_row et_pb_row_0 et_pb_row_empty\">\n\t\t\t\t\n\t\t\t\t\n\t\t\t\t\n\t\t\t\t\n\t\t\t\t\n\t\t\t<\/div><div class=\"et_pb_module et_pb_text et_pb_text_0  et_pb_text_align_left et_pb_bg_layout_light\">\n\t\t\t\t\n\t\t\t\t\n\t\t\t\t\n\t\t\t\t\n\t\t\t\t\n\t\t\t<\/div> Pol\u00edtica de Cookies Esta p\u00e1gina web utiliza cookies que son peque\u00f1os archivos que guardan tus preferencias de navegaci\u00f3n, idioma preferido o el carrito de la compra, de manera que en sucesivas visitas tus preferencias se aplican de forma m\u00e1s sencilla e inmediata. Utilizamos cookies propias y de terceros, para realizar el an\u00e1lisis de la [&hellip;]<\/p>\n","protected":false},"author":2,"featured_media":0,"parent":0,"menu_order":0,"comment_status":"closed","ping_status":"closed","template":"","meta":{"_et_pb_use_builder":"on","_et_pb_old_content":"<!-- wp:columns -->\n<div class=\"wp-block-columns\"><!-- wp:column {\"width\":\"100%\"} -->\n<div class=\"wp-block-column\" style=\"flex-basis:100%\"><!-- wp:quote -->\n<blockquote class=\"wp-block-quote\"><!-- wp:heading -->\n<h2 class=\"wp-block-heading\">Pol\u00edtica de Cookies<\/h2>\n<!-- \/wp:heading -->\n\n<!-- wp:paragraph -->\n<p>Esta p\u00e1gina web utiliza cookies que son peque\u00f1os archivos que guardan tus preferencias de navegaci\u00f3n, idioma preferido o el carrito de la compra, de manera que en sucesivas visitas tus preferencias se aplican de forma m\u00e1s sencilla e inmediata.<\/p>\n<!-- \/wp:paragraph -->\n\n<!-- wp:paragraph -->\n<p>Utilizamos cookies propias y de terceros, para realizar el an\u00e1lisis de la navegaci\u00f3n de los usuarios.<\/p>\n<!-- \/wp:paragraph -->\n\n<!-- wp:paragraph -->\n<p>Si contin\u00faas navegando, consideramos que aceptas su uso.<\/p>\n<!-- \/wp:paragraph -->\n\n<!-- wp:paragraph -->\n<p>Si quieres saber c\u00f3mo configurar las cookies en tu navegador, puedes obtener la informaci\u00f3n en los siguientes enlaces:<\/p>\n<!-- \/wp:paragraph -->\n\n<!-- wp:paragraph -->\n<p>&nbsp;<a href=\"https:\/\/support.google.com\/chrome\/answer\/95647?hl=es\" target=\"_blank\" rel=\"noreferrer noopener\">Chrome<\/a><\/p>\n<!-- \/wp:paragraph -->\n\n<!-- wp:paragraph -->\n<p>&nbsp;<a href=\"https:\/\/support.mozilla.org\/es\/kb\/habilitar-y-deshabilitar-cookies-que-los-sitios-we\" target=\"_blank\" rel=\"noreferrer noopener\">Firefox<\/a><\/p>\n<!-- \/wp:paragraph -->\n\n<!-- wp:paragraph -->\n<p>&nbsp;<a href=\"https:\/\/support.apple.com\/kb\/ph5042?locale=es_ES\" target=\"_blank\" rel=\"noreferrer noopener\">Safari<\/a><\/p>\n<!-- \/wp:paragraph -->\n\n<!-- wp:paragraph -->\n<p>&nbsp;<a href=\"http:\/\/windows.microsoft.com\/es-es\/windows7\/how-to-manage-cookies-in-internet-explorer-9\" target=\"_blank\" rel=\"noreferrer noopener\">Explorer<\/a><\/p>\n<!-- \/wp:paragraph -->\n\n<!-- wp:paragraph -->\n<p>&nbsp;<a href=\"https:\/\/blogs.opera.com\/news\/2015\/08\/how-to-manage-cookies-in-opera\/\" target=\"_blank\" rel=\"noreferrer noopener\">Opera<\/a><\/p>\n<!-- \/wp:paragraph -->\n\n<!-- wp:paragraph -->\n<p>Este sitio web utiliza cookies para mejorar la experiencia de uso del visitante y para realizar tareas de an\u00e1lisis. Al aceptar entendemos que das tu consentimiento a nuestra pol\u00edtica de cookies.<\/p>\n<!-- \/wp:paragraph -->\n\n<!-- wp:paragraph -->\n<p><\/p>\n<!-- \/wp:paragraph --><\/blockquote>\n<!-- \/wp:quote --><\/div>\n<!-- \/wp:column --><\/div>\n<!-- \/wp:columns -->\n\n<!-- wp:paragraph -->\n<p><\/p>\n<!-- \/wp:paragraph -->\n\n<!-- wp:quote -->\n<blockquote class=\"wp-block-quote\"><!-- wp:heading -->\n<h2 class=\"wp-block-heading\">Cookies y privacidad<\/h2>\n<!-- \/wp:heading -->\n\n<!-- wp:paragraph -->\n<p>Para la utilizaci\u00f3n de nuestro sitio web es necesario la utilizaci\u00f3n de cookies. Las cookies se utilizan con la finalidad de facilitar la navegaci\u00f3n a los usuarios. Ning\u00fan dato de car\u00e1cter personal del usuario se almacenar\u00e1. Si usted lo desea puede configurar su navegador para ser avisado en pantalla de la recepci\u00f3n de cookies y para impedir la instalaci\u00f3n de cookies en su disco duro. Por favor, consulte las instrucciones y manuales de su navegador para ampliar esta informaci\u00f3n.<\/p>\n<!-- \/wp:paragraph -->\n\n<!-- wp:paragraph -->\n<p><\/p>\n<!-- \/wp:paragraph --><\/blockquote>\n<!-- \/wp:quote -->\n\n<!-- wp:paragraph -->\n<p><\/p>\n<!-- \/wp:paragraph -->\n\n<!-- wp:quote -->\n<blockquote class=\"wp-block-quote\"><!-- wp:paragraph -->\n<p><\/p>\n<!-- \/wp:paragraph -->\n\n<!-- wp:heading -->\n<h2 class=\"wp-block-heading\">Condiciones del servicio Google Analytics<\/h2>\n<!-- \/wp:heading -->\n\n<!-- wp:paragraph -->\n<p>Esta p\u00e1gina web utiliza Google Analytics, un servicio anal\u00edtico de web prestado por Google, Inc., una compa\u00f1\u00eda de Delaware cuya oficina principal est\u00e1 en 1600 Amphitheatre Parkway, Mountain View (California), CA 94043, Estados Unidos (\u2018Google\u2019). Google Analytics utiliza \u2018cookies\u2019, que son archivos de texto ubicados en su ordenador, para ayudar al sitio web a analizar el uso que hacen los usuarios del sitio web. La informaci\u00f3n que genera la cookie acerca de su uso del sitio web (incluyendo su direcci\u00f3n IP) ser\u00e1 directamente transmitida y archivada por Google en los servidores de Estados Unidos. Google usar\u00e1 esta informaci\u00f3n por cuenta nuestra con el prop\u00f3sito de seguir la pista de su uso del sitio web, recopilando informes de la actividad del sitio web y prestando otros servicios relacionados con la actividad del sitio web y el uso de Internet. Google podr\u00e1 transmitir dicha informaci\u00f3n a terceros cuando as\u00ed se lo requiera la legislaci\u00f3n, o cuando dichos terceros procesen la informaci\u00f3n por cuenta de Google. Google no asociar\u00e1 su direcci\u00f3n IP con ning\u00fan otro dato del que disponga Google. Puede Usted rechazar el tratamiento de los datos o la informaci\u00f3n rechazando el uso de cookies mediante la selecci\u00f3n de la configuraci\u00f3n apropiada de su navegador, sin embargo, debe Usted saber que si lo hace puede ser que no pueda usar la plena funcionabilidad de esta p\u00e1gina web. Al utilizar este sitio web Usted consiente el tratamiento de informaci\u00f3n acerca de Usted por Google en la forma y para los fines arriba indicados.<\/p>\n<!-- \/wp:paragraph -->\n\n<!-- wp:paragraph -->\n<p><a href=\"https:\/\/www.google.es\/intl\/es_ALL\/analytics\/learn\/privacy.html\">https:\/\/www.google.es\/intl\/es_ALL\/analytics\/learn\/privacy.html<\/a><\/p>\n<!-- \/wp:paragraph --><\/blockquote>\n<!-- \/wp:quote -->\n\n<!-- wp:paragraph -->\n<p><\/p>\n<!-- \/wp:paragraph -->\n\n<!-- wp:quote -->\n<blockquote class=\"wp-block-quote\"><!-- wp:paragraph -->\n<p><\/p>\n<!-- \/wp:paragraph -->\n\n<!-- wp:heading -->\n<h2 class=\"wp-block-heading\">Reglas de uso de la p\u00e1gina web<\/h2>\n<!-- \/wp:heading -->\n\n<!-- wp:paragraph -->\n<p>El usuario se obliga a hacer un uso correcto de la p\u00e1gina web de conformidad con la Ley y con las presentes condiciones. El usuario responder\u00e1 frente al titular de este sitio web y frente a terceros por cualquier da\u00f1o y perjuicio que pudiera causar el incumplimiento de esta obligaci\u00f3n.<\/p>\n<!-- \/wp:paragraph -->\n\n<!-- wp:paragraph -->\n<p>El acceso a esta p\u00e1gina web tiene car\u00e1cter gratuito. Sus contenidos tienen un valor meramente informativo y su \u00fanica finalidad es mostrar a los clientes y usuarios de la web informaci\u00f3n corporativa de GALOP\u00cdN y de sus productos y servicios.<\/p>\n<!-- \/wp:paragraph -->\n\n<!-- wp:paragraph -->\n<p><\/p>\n<!-- \/wp:paragraph -->\n\n<!-- wp:paragraph -->\n<p><\/p>\n<!-- \/wp:paragraph --><\/blockquote>\n<!-- \/wp:quote -->\n\n<!-- wp:paragraph -->\n<p><\/p>\n<!-- \/wp:paragraph -->\n\n<!-- wp:quote -->\n<blockquote class=\"wp-block-quote\"><!-- wp:heading -->\n<h2 class=\"wp-block-heading\">Exclusi\u00f3n de responsabilidad<\/h2>\n<!-- \/wp:heading -->\n\n<!-- wp:paragraph -->\n<p>&nbsp;Por la calidad de la informaci\u00f3n: el acceso al Sitio web no implica obligaci\u00f3n por parte de GALOP\u00cdN de comprobar la veracidad, exactitud y actualidad de la informaci\u00f3n suministrada.<\/p>\n<!-- \/wp:paragraph -->\n\n<!-- wp:paragraph -->\n<p>&nbsp;Por la calidad del servicio: el acceso al Sitio web no implica obligaci\u00f3n por parte de GALOP\u00cdN de controlar la ausencia de virus y\/o cualquier componente da\u00f1ino en el sitio web o servidor que lo suministra. En todo caso, corresponde al usuario la disponibilidad de herramientas t\u00e9cnicas de seguridad adecuadas para la detecci\u00f3n y desinfecci\u00f3n de programas inform\u00e1ticos da\u00f1inos.<\/p>\n<!-- \/wp:paragraph -->\n\n<!-- wp:paragraph -->\n<p>&nbsp;Por la disponibilidad del servicio: GALOP\u00cdN no garantiza ni se hace responsable de la continuidad de los contenidos del sitio web. Por consiguiente, los servicios suministrados a trav\u00e9s de este Sitio web pueden ser suspendidos o cancelados en cualquier momento por el titular del mismo, no haci\u00e9ndose responsable de los da\u00f1os causados a terceros.<\/p>\n<!-- \/wp:paragraph -->\n\n<!-- wp:paragraph -->\n<p><\/p>\n<!-- \/wp:paragraph -->\n\n<!-- wp:paragraph -->\n<p><\/p>\n<!-- \/wp:paragraph --><\/blockquote>\n<!-- \/wp:quote -->\n\n<!-- wp:paragraph -->\n<p><\/p>\n<!-- \/wp:paragraph -->\n\n<!-- wp:quote -->\n<blockquote class=\"wp-block-quote\"><!-- wp:heading -->\n<h2 class=\"wp-block-heading\">Legislaci\u00f3n aplicable<\/h2>\n<!-- \/wp:heading -->\n\n<!-- wp:paragraph -->\n<p>Las relaciones establecidas entre el Usuario y el titular del sitio web, se regir\u00e1n conforme a lo dispuesto en la legislaci\u00f3n espa\u00f1ola aplicable vigente y se someter\u00e1n a la jurisdicci\u00f3n de los Juzgados y Tribunales de A Coru\u00f1a.<\/p>\n<!-- \/wp:paragraph -->\n\n<!-- wp:paragraph -->\n<p>En Cerceda, a 07 de marzo de 2025<\/p>\n<!-- \/wp:paragraph --><\/blockquote>\n<!-- \/wp:quote -->","_et_gb_content_width":"2880","footnotes":""},"class_list":["post-645","page","type-page","status-publish","hentry"],"yoast_head":"<!-- This site is optimized with the Yoast SEO plugin v27.4 - https:\/\/yoast.com\/product\/yoast-seo-wordpress\/ -->\n<title>Pol\u00edtica de Cookies - CetusGlobal<\/title>\n<meta name=\"robots\" content=\"index, follow, max-snippet:-1, max-image-preview:large, max-video-preview:-1\" \/>\n<link rel=\"canonical\" href=\"https:\/\/cetusglobal.com\/index.php\/politica-de-cookies\/\" \/>\n<meta property=\"og:locale\" content=\"es_ES\" \/>\n<meta property=\"og:type\" content=\"article\" \/>\n<meta property=\"og:title\" content=\"Pol\u00edtica de Cookies - CetusGlobal\" \/>\n<meta property=\"og:description\" content=\"Pol\u00edtica de Cookies Esta p\u00e1gina web utiliza cookies que son peque\u00f1os archivos que guardan tus preferencias de navegaci\u00f3n, idioma preferido o el carrito de la compra, de manera que en sucesivas visitas tus preferencias se aplican de forma m\u00e1s sencilla e inmediata. Utilizamos cookies propias y de terceros, para realizar el an\u00e1lisis de la [&hellip;]\" \/>\n<meta property=\"og:url\" content=\"https:\/\/cetusglobal.com\/index.php\/politica-de-cookies\/\" \/>\n<meta property=\"og:site_name\" content=\"CetusGlobal\" \/>\n<meta property=\"article:modified_time\" content=\"2025-03-07T08:55:08+00:00\" \/>\n<meta name=\"twitter:card\" content=\"summary_large_image\" \/>\n<meta name=\"twitter:label1\" content=\"Tiempo de lectura\" \/>\n\t<meta name=\"twitter:data1\" content=\"4 minutos\" \/>\n<script type=\"application\/ld+json\" class=\"yoast-schema-graph\">{\"@context\":\"https:\\\/\\\/schema.org\",\"@graph\":[{\"@type\":\"WebPage\",\"@id\":\"https:\\\/\\\/cetusglobal.com\\\/index.php\\\/politica-de-cookies\\\/\",\"url\":\"https:\\\/\\\/cetusglobal.com\\\/index.php\\\/politica-de-cookies\\\/\",\"name\":\"Pol\u00edtica de Cookies - CetusGlobal\",\"isPartOf\":{\"@id\":\"https:\\\/\\\/cetusglobal.com\\\/#website\"},\"datePublished\":\"2025-03-07T08:55:07+00:00\",\"dateModified\":\"2025-03-07T08:55:08+00:00\",\"breadcrumb\":{\"@id\":\"https:\\\/\\\/cetusglobal.com\\\/index.php\\\/politica-de-cookies\\\/#breadcrumb\"},\"inLanguage\":\"es\",\"potentialAction\":[{\"@type\":\"ReadAction\",\"target\":[\"https:\\\/\\\/cetusglobal.com\\\/index.php\\\/politica-de-cookies\\\/\"]}]},{\"@type\":\"BreadcrumbList\",\"@id\":\"https:\\\/\\\/cetusglobal.com\\\/index.php\\\/politica-de-cookies\\\/#breadcrumb\",\"itemListElement\":[{\"@type\":\"ListItem\",\"position\":1,\"name\":\"Portada\",\"item\":\"https:\\\/\\\/cetusglobal.com\\\/\"},{\"@type\":\"ListItem\",\"position\":2,\"name\":\"Pol\u00edtica de Cookies\"}]},{\"@type\":\"WebSite\",\"@id\":\"https:\\\/\\\/cetusglobal.com\\\/#website\",\"url\":\"https:\\\/\\\/cetusglobal.com\\\/\",\"name\":\"CetusGlobal\",\"description\":\"Grupo Cetus\",\"publisher\":{\"@id\":\"https:\\\/\\\/cetusglobal.com\\\/#organization\"},\"potentialAction\":[{\"@type\":\"SearchAction\",\"target\":{\"@type\":\"EntryPoint\",\"urlTemplate\":\"https:\\\/\\\/cetusglobal.com\\\/?s={search_term_string}\"},\"query-input\":{\"@type\":\"PropertyValueSpecification\",\"valueRequired\":true,\"valueName\":\"search_term_string\"}}],\"inLanguage\":\"es\"},{\"@type\":\"Organization\",\"@id\":\"https:\\\/\\\/cetusglobal.com\\\/#organization\",\"name\":\"CetusGlobal\",\"url\":\"https:\\\/\\\/cetusglobal.com\\\/\",\"logo\":{\"@type\":\"ImageObject\",\"inLanguage\":\"es\",\"@id\":\"https:\\\/\\\/cetusglobal.com\\\/#\\\/schema\\\/logo\\\/image\\\/\",\"url\":\"https:\\\/\\\/cetusglobal.com\\\/wp-content\\\/uploads\\\/2020\\\/06\\\/logo_cetus-e1742812139811.png\",\"contentUrl\":\"https:\\\/\\\/cetusglobal.com\\\/wp-content\\\/uploads\\\/2020\\\/06\\\/logo_cetus-e1742812139811.png\",\"width\":1000,\"height\":273,\"caption\":\"CetusGlobal\"},\"image\":{\"@id\":\"https:\\\/\\\/cetusglobal.com\\\/#\\\/schema\\\/logo\\\/image\\\/\"}}]}<\/script>\n<!-- \/ Yoast SEO plugin. -->","yoast_head_json":{"title":"Pol\u00edtica de Cookies - CetusGlobal","robots":{"index":"index","follow":"follow","max-snippet":"max-snippet:-1","max-image-preview":"max-image-preview:large","max-video-preview":"max-video-preview:-1"},"canonical":"https:\/\/cetusglobal.com\/index.php\/politica-de-cookies\/","og_locale":"es_ES","og_type":"article","og_title":"Pol\u00edtica de Cookies - CetusGlobal","og_description":"Pol\u00edtica de Cookies Esta p\u00e1gina web utiliza cookies que son peque\u00f1os archivos que guardan tus preferencias de navegaci\u00f3n, idioma preferido o el carrito de la compra, de manera que en sucesivas visitas tus preferencias se aplican de forma m\u00e1s sencilla e inmediata. Utilizamos cookies propias y de terceros, para realizar el an\u00e1lisis de la [&hellip;]","og_url":"https:\/\/cetusglobal.com\/index.php\/politica-de-cookies\/","og_site_name":"CetusGlobal","article_modified_time":"2025-03-07T08:55:08+00:00","twitter_card":"summary_large_image","twitter_misc":{"Tiempo de lectura":"4 minutos"},"schema":{"@context":"https:\/\/schema.org","@graph":[{"@type":"WebPage","@id":"https:\/\/cetusglobal.com\/index.php\/politica-de-cookies\/","url":"https:\/\/cetusglobal.com\/index.php\/politica-de-cookies\/","name":"Pol\u00edtica de Cookies - CetusGlobal","isPartOf":{"@id":"https:\/\/cetusglobal.com\/#website"},"datePublished":"2025-03-07T08:55:07+00:00","dateModified":"2025-03-07T08:55:08+00:00","breadcrumb":{"@id":"https:\/\/cetusglobal.com\/index.php\/politica-de-cookies\/#breadcrumb"},"inLanguage":"es","potentialAction":[{"@type":"ReadAction","target":["https:\/\/cetusglobal.com\/index.php\/politica-de-cookies\/"]}]},{"@type":"BreadcrumbList","@id":"https:\/\/cetusglobal.com\/index.php\/politica-de-cookies\/#breadcrumb","itemListElement":[{"@type":"ListItem","position":1,"name":"Portada","item":"https:\/\/cetusglobal.com\/"},{"@type":"ListItem","position":2,"name":"Pol\u00edtica de Cookies"}]},{"@type":"WebSite","@id":"https:\/\/cetusglobal.com\/#website","url":"https:\/\/cetusglobal.com\/","name":"CetusGlobal","description":"Grupo Cetus","publisher":{"@id":"https:\/\/cetusglobal.com\/#organization"},"potentialAction":[{"@type":"SearchAction","target":{"@type":"EntryPoint","urlTemplate":"https:\/\/cetusglobal.com\/?s={search_term_string}"},"query-input":{"@type":"PropertyValueSpecification","valueRequired":true,"valueName":"search_term_string"}}],"inLanguage":"es"},{"@type":"Organization","@id":"https:\/\/cetusglobal.com\/#organization","name":"CetusGlobal","url":"https:\/\/cetusglobal.com\/","logo":{"@type":"ImageObject","inLanguage":"es","@id":"https:\/\/cetusglobal.com\/#\/schema\/logo\/image\/","url":"https:\/\/cetusglobal.com\/wp-content\/uploads\/2020\/06\/logo_cetus-e1742812139811.png","contentUrl":"https:\/\/cetusglobal.com\/wp-content\/uploads\/2020\/06\/logo_cetus-e1742812139811.png","width":1000,"height":273,"caption":"CetusGlobal"},"image":{"@id":"https:\/\/cetusglobal.com\/#\/schema\/logo\/image\/"}}]}},"_links":{"self":[{"href":"https:\/\/cetusglobal.com\/index.php\/wp-json\/wp\/v2\/pages\/645","targetHints":{"allow":["GET"]}}],"collection":[{"href":"https:\/\/cetusglobal.com\/index.php\/wp-json\/wp\/v2\/pages"}],"about":[{"href":"https:\/\/cetusglobal.com\/index.php\/wp-json\/wp\/v2\/types\/page"}],"author":[{"embeddable":true,"href":"https:\/\/cetusglobal.com\/index.php\/wp-json\/wp\/v2\/users\/2"}],"replies":[{"embeddable":true,"href":"https:\/\/cetusglobal.com\/index.php\/wp-json\/wp\/v2\/comments?post=645"}],"version-history":[{"count":0,"href":"https:\/\/cetusglobal.com\/index.php\/wp-json\/wp\/v2\/pages\/645\/revisions"}],"wp:attachment":[{"href":"https:\/\/cetusglobal.com\/index.php\/wp-json\/wp\/v2\/media?parent=645"}],"curies":[{"name":"wp","href":"https:\/\/api.w.org\/{rel}","templated":true}]}}